{"id":3118,"date":"2025-05-29T14:54:37","date_gmt":"2025-05-29T14:54:37","guid":{"rendered":"https:\/\/vestecasino.cz\/home25dark\/"},"modified":"2026-03-06T10:34:50","modified_gmt":"2026-03-06T10:34:50","slug":"home25dark","status":"publish","type":"page","link":"https:\/\/vestecasino.cz\/de\/","title":{"rendered":"Dark2025Home"},"content":{"rendered":"\n\n\t\t\t\t<img loading=\"lazy\" decoding=\"async\" src=\"https:\/\/vestecasino.cz\/assets\/uploads\/sites\/1397\/2025\/05\/singleline.png\" alt=\"singleline\" height=\"12\" width=\"1920\" title=\"singleline\" \/>\n\t\t<img decoding=\"async\" src=\"https:\/\/vestecasino.cz\/assets\/uploads\/sites\/1397\/2025\/06\/endline-btr-1.png\" alt=\"endline_bTR (1)\" \/>\n\t\t\t\t<img loading=\"lazy\" decoding=\"async\" src=\"https:\/\/vestecasino.cz\/assets\/uploads\/sites\/1397\/2025\/05\/textline2-300x5.png\" alt=\"textline2\" height=\"5\" width=\"300\" title=\"textline2\" \/>\n\t<h2>\n\t\t\t\tWillkommen in der Welt der Unterhaltung\n\t\t\t<\/h2>\n\t\t\t\t<img loading=\"lazy\" decoding=\"async\" src=\"https:\/\/vestecasino.cz\/assets\/uploads\/sites\/1397\/2025\/05\/textline-300x5.png\" alt=\"textline\" height=\"5\" width=\"300\" title=\"textline\" \/>\n\t\t<nav>\n\t\t\t<ul>\n\t\t\t\t\t\t\t\t<li data-index=\"0\">\n\t\t\t\t\t<h3>\n\t\t\t\t\t\t<a href=\"void(0);\">M\u00e4rz\n\t\t\t\t\t\t\t\t\t\t\t\t<\/a>\n\t\t\t\t\t<\/h3>\n\t\t\t\t<\/li>\n\t\t\t\t\t\t\t<\/ul>\n\t\t<\/nav>\n\t\t\t\t\t<img decoding=\"async\" src=\"https:\/\/vestecasino.cz\/assets\/uploads\/sites\/1397\/2026\/03\/bez-nazvu.jpg\" \/>\t\t\t\t\n\t\t\t\t\t<!-- \/content -->\n\t<!-- \/tabs -->\n\t<h2>\n\t\t\t\tNonstop-Spiele im Casino Vestec\n\t\t\t<\/h2>\n\t\t\t\t<img loading=\"lazy\" decoding=\"async\" src=\"https:\/\/vestecasino.cz\/assets\/uploads\/sites\/1397\/2025\/05\/titleline.png\" alt=\"titleline\" height=\"45\" width=\"708\" title=\"titleline\" \/>\n\t\t\t<img decoding=\"async\" loading='false' src=\"https:\/\/vestecasino.cz\/assets\/uploads\/sites\/1397\/2025\/05\/20250228-095827.jpg\" alt=\"\" \/>\t\t\t\n\t\t\t\t<h2>Wir haben 3.500 Spiele f\u00fcr Sie<\/h2><p><img decoding=\"async\" src=\"https:\/\/vestecasino.cz\/assets\/uploads\/sites\/1397\/2025\/05\/textline.png\" \/><\/p>\n<p>Im luxuri\u00f6sesten Casino Prags warten fast 200 Spielautomaten auf Sie, die \u00fcber 3.500 Spielvarianten bieten. Jeder Automat ist mit einem Cashless-System ausgestattet und an ein Jackpot-System angeschlossen, bei dem t\u00e4glich Jackpots von bis zu 700.000 ausgespielt werden. Das ist doch mal ein ordentlicher Gewinn, oder?<\/p>\n<img decoding=\"async\" loading='false' src=\"https:\/\/vestecasino.cz\/assets\/uploads\/sites\/1397\/2025\/05\/20250228-095827.jpg\" alt=\"\" \/>\t\t\t\n\t\t\t<img decoding=\"async\" loading='false' src=\"https:\/\/vestecasino.cz\/assets\/uploads\/sites\/1397\/2025\/05\/20250228-101748.jpg\" alt=\"\" \/>\t\t\t\n\t\t\t\t<h2>75 Pl\u00e4tze an unseren Live-Spieltischen<\/h2><p><img decoding=\"async\" src=\"https:\/\/vestecasino.cz\/assets\/uploads\/sites\/1397\/2025\/05\/textline.png\" \/><\/p>\n<p>F\u00fcr Liebhaber von Live-Spielen stehen fast hundert Pl\u00e4tze an unseren Spieltischen f\u00fcr Roulette, Black Jack und UTH bereit &#8211; mit Eins\u00e4tzen von bis zu 10.000. Lehnen Sie sich entspannt zur\u00fcck, genie\u00dfen Sie das Spiel und gewinnen Sie!<\/p>\n<img decoding=\"async\" loading='false' src=\"https:\/\/vestecasino.cz\/assets\/uploads\/sites\/1397\/2025\/05\/20250228-101748.jpg\" alt=\"\" \/>\t\t\t\n\t\t\t<img decoding=\"async\" loading='false' src=\"https:\/\/vestecasino.cz\/assets\/uploads\/sites\/1397\/2025\/05\/xxl-p.png\" alt=\"\" \/>\t\t\t\n\t\t\t\t<h2>XXL Parkplatz<\/h2><p><img decoding=\"async\" src=\"https:\/\/vestecasino.cz\/assets\/uploads\/sites\/1397\/2025\/05\/textline.png\" \/><\/p>\n<p>Uns ist es wichtig, dass Ihr Erlebnis so komfortabel und sorgenfrei wie m\u00f6glich ist. Deshalb steht Ihnen unser Parkplatz 24\/7 zur Verf\u00fcgung. Die Zufahrtsstra\u00dfe ist gut ausgeschildert &#8211; einfach parken und Sie sind sofort bei uns, wo sich unser freundliches Empfangspersonal auf Sie freut.<\/p>\n<img decoding=\"async\" loading='false' src=\"https:\/\/vestecasino.cz\/assets\/uploads\/sites\/1397\/2025\/05\/xxl-p.png\" alt=\"\" \/>\t\t\t\n\t<h2>\n\t\t\t\tSo finden Sie zu uns\n\t\t\t<\/h2>\n\t\t\t\t<img loading=\"lazy\" decoding=\"async\" src=\"https:\/\/vestecasino.cz\/assets\/uploads\/sites\/1397\/2025\/05\/titleline.png\" alt=\"titleline\" height=\"45\" width=\"708\" title=\"titleline\" \/>\n\t\t\t\t<a href=\"https:\/\/www.google.cz\/maps\/place\/VesteCasino\/@49.9929757,14.4858746,17z\/data=!3m1!4b1!4m6!3m5!1s0x470b913f1f3d1b73:0xc220906195fe9eaa!8m2!3d49.9929757!4d14.4884495!16s%2Fg%2F11l37b367j!5m1!1e1?entry=ttu&#038;g_ep=EgoyMDI1MDEwOC4wIKXMDSoASAFQAw%3D%3D\" target=\"_blank\" rel=\"noopener\">\n\t\t\t\t<img loading=\"lazy\" decoding=\"async\" src=\"https:\/\/vestecasino.cz\/assets\/uploads\/sites\/1397\/2025\/06\/map1htr.png\" alt=\"map1HTr\" height=\"820\" width=\"1309\" title=\"map1HTr\" \/>\n\t\t\t\t<\/a>\n\n","protected":false},"excerpt":{"rendered":"<p>Willkommen in der Welt der Unterhaltung M\u00e4rz Nonstop-Spiele im Casino Vestec Wir haben 3.500 Spiele f\u00fcr Sie Im luxuri\u00f6sesten Casino Prags warten fast 200 Spielautomaten auf Sie, die \u00fcber 3.500 Spielvarianten bieten. Jeder Automat ist mit einem Cashless-System ausgestattet und an ein Jackpot-System angeschlossen, bei dem t\u00e4glich Jackpots von bis zu 700.000 ausgespielt werden. Das&hellip;<\/p>\n","protected":false},"author":633,"featured_media":0,"parent":0,"menu_order":0,"comment_status":"closed","ping_status":"closed","template":"","meta":{"footnotes":""},"class_list":["post-3118","page","type-page","status-publish","hentry"],"_links":{"self":[{"href":"https:\/\/vestecasino.cz\/de\/wp-json\/wp\/v2\/pages\/3118","targetHints":{"allow":["GET"]}}],"collection":[{"href":"https:\/\/vestecasino.cz\/de\/wp-json\/wp\/v2\/pages"}],"about":[{"href":"https:\/\/vestecasino.cz\/de\/wp-json\/wp\/v2\/types\/page"}],"author":[{"embeddable":true,"href":"https:\/\/vestecasino.cz\/de\/wp-json\/wp\/v2\/users\/633"}],"replies":[{"embeddable":true,"href":"https:\/\/vestecasino.cz\/de\/wp-json\/wp\/v2\/comments?post=3118"}],"version-history":[{"count":13,"href":"https:\/\/vestecasino.cz\/de\/wp-json\/wp\/v2\/pages\/3118\/revisions"}],"predecessor-version":[{"id":4645,"href":"https:\/\/vestecasino.cz\/de\/wp-json\/wp\/v2\/pages\/3118\/revisions\/4645"}],"wp:attachment":[{"href":"https:\/\/vestecasino.cz\/de\/wp-json\/wp\/v2\/media?parent=3118"}],"curies":[{"name":"wp","href":"https:\/\/api.w.org\/{rel}","templated":true}]}}