{"id":4069,"date":"2016-10-09T16:42:38","date_gmt":"2016-10-09T16:42:38","guid":{"rendered":"https:\/\/vestecasino.cz\/kontakt\/"},"modified":"2025-08-07T21:58:27","modified_gmt":"2025-08-07T21:58:27","slug":"kontakt","status":"publish","type":"page","link":"https:\/\/vestecasino.cz\/de\/kontakt\/","title":{"rendered":"Kontakt"},"content":{"rendered":"\n\n\t\t\t<h3>Kontakt<\/h3>\t\t\t\n\t\t\t\t<img loading=\"lazy\" decoding=\"async\" src=\"https:\/\/vestecasino.cz\/assets\/uploads\/sites\/1397\/2025\/08\/titleline.png\" alt=\"titleline\" height=\"45\" width=\"708\" title=\"titleline\" \/>\n\t\n\t<h2>\n\t\t\t\tWir sind rund um die Uhr f\u00fcr Sie da!\n\t\t\t<\/h2>\n\t\t\t<p>Kontaktieren Sie uns!<\/p>\t\n\t\t<h3>Adresse<\/h3>\t\t\t\n\t\t\t\t<p>V\u00edde\u0148sk\u00e1 699, Vestec<br \/>Praha-z\u00e1pad<\/p>\n\t\t<h3>Telefon<\/h3>\t\t\t\n\t\t\t\t<p>+420 778 707 000<br \/>+420 778 416 739<\/p>\n\t\t<h3>Email<\/h3>\t\t\t\n\t\t\t\t<p>info@vestecasino.cz<\/p>\n\n","protected":false},"excerpt":{"rendered":"<p>Kontakt Wir sind rund um die Uhr f\u00fcr Sie da! Kontaktieren Sie uns! Adresse V\u00edde\u0148sk\u00e1 699, VestecPraha-z\u00e1pad Telefon +420 778 707 000+420 778 416 739 Email info@vestecasino.cz<\/p>\n","protected":false},"author":1,"featured_media":0,"parent":0,"menu_order":0,"comment_status":"closed","ping_status":"closed","template":"","meta":{"footnotes":""},"class_list":["post-4069","page","type-page","status-publish","hentry"],"_links":{"self":[{"href":"https:\/\/vestecasino.cz\/de\/wp-json\/wp\/v2\/pages\/4069","targetHints":{"allow":["GET"]}}],"collection":[{"href":"https:\/\/vestecasino.cz\/de\/wp-json\/wp\/v2\/pages"}],"about":[{"href":"https:\/\/vestecasino.cz\/de\/wp-json\/wp\/v2\/types\/page"}],"author":[{"embeddable":true,"href":"https:\/\/vestecasino.cz\/de\/wp-json\/wp\/v2\/users\/1"}],"replies":[{"embeddable":true,"href":"https:\/\/vestecasino.cz\/de\/wp-json\/wp\/v2\/comments?post=4069"}],"version-history":[{"count":3,"href":"https:\/\/vestecasino.cz\/de\/wp-json\/wp\/v2\/pages\/4069\/revisions"}],"predecessor-version":[{"id":4266,"href":"https:\/\/vestecasino.cz\/de\/wp-json\/wp\/v2\/pages\/4069\/revisions\/4266"}],"wp:attachment":[{"href":"https:\/\/vestecasino.cz\/de\/wp-json\/wp\/v2\/media?parent=4069"}],"curies":[{"name":"wp","href":"https:\/\/api.w.org\/{rel}","templated":true}]}}