{"id":3120,"date":"2025-05-29T14:54:37","date_gmt":"2025-05-29T14:54:37","guid":{"rendered":"https:\/\/vestecasino.cz\/home25dark\/"},"modified":"2026-04-30T19:00:45","modified_gmt":"2026-04-30T19:00:45","slug":"home","status":"publish","type":"page","link":"https:\/\/vestecasino.cz\/ru\/","title":{"rendered":"Home"},"content":{"rendered":"\n\n\t\t\t\t<img loading=\"lazy\" decoding=\"async\" src=\"https:\/\/vestecasino.cz\/assets\/uploads\/sites\/1397\/2025\/05\/singleline.png\" alt=\"singleline\" height=\"12\" width=\"1920\" title=\"singleline\" \/>\n\t\t<img decoding=\"async\" src=\"https:\/\/vestecasino.cz\/assets\/uploads\/sites\/1397\/2025\/06\/endline-btr-1.png\" alt=\"endline_bTR (1)\" \/>\n\t\t\t\t<img loading=\"lazy\" decoding=\"async\" src=\"https:\/\/vestecasino.cz\/assets\/uploads\/sites\/1397\/2025\/05\/textline2-300x5.png\" alt=\"textline2\" height=\"5\" width=\"300\" title=\"textline2\" \/>\n\t<h2>\n\t\t\t\tV\u00edtejte ve sv\u011bt\u011b z\u00e1bavy\n\t\t\t<\/h2>\n\t\t\t\t<img loading=\"lazy\" decoding=\"async\" src=\"https:\/\/vestecasino.cz\/assets\/uploads\/sites\/1397\/2025\/05\/textline-300x5.png\" alt=\"textline\" height=\"5\" width=\"300\" title=\"textline\" \/>\n\t\t<nav>\n\t\t\t<ul>\n\t\t\t\t\t\t\t\t<li data-index=\"0\">\n\t\t\t\t\t<h3>\n\t\t\t\t\t\t<a href=\"void(0);\">KV\u011aTEN\n\t\t\t\t\t\t\t\t\t\t\t\t<\/a>\n\t\t\t\t\t<\/h3>\n\t\t\t\t<\/li>\n\t\t\t\t\t\t\t<\/ul>\n\t\t<\/nav>\n\t\t\t\t\t<p><img loading=\"lazy\" decoding=\"async\" src=\"https:\/\/vestecasino.cz\/assets\/uploads\/sites\/1397\/2026\/04\/program-web-1080x1528px.jpeg\" alt=\"\" width=\"1080\" height=\"1528\" \/><\/p>\n\t\t\t\t\t<!-- \/content -->\n\t<!-- \/tabs -->\n\t<h2>\n\t\t\t\tNonstop hry v casinu Vestec\n\t\t\t<\/h2>\n\t\t\t\t<img loading=\"lazy\" decoding=\"async\" src=\"https:\/\/vestecasino.cz\/assets\/uploads\/sites\/1397\/2025\/05\/titleline.png\" alt=\"titleline\" height=\"45\" width=\"708\" title=\"titleline\" \/>\n\t\t\t<img decoding=\"async\" loading='false' src=\"https:\/\/vestecasino.cz\/assets\/uploads\/sites\/1397\/2025\/05\/20250228-095827.jpg\" alt=\"\" \/>\t\t\t\n\t\t\t\t<h2>M\u00e1me pro v\u00e1s 3.500 her<\/h2><p><img decoding=\"async\" src=\"https:\/\/vestecasino.cz\/assets\/uploads\/sites\/1397\/2025\/05\/textline.png\" \/><\/p>\n<p>V nejluxusn\u011bj\u0161\u00edm casinu v Praze na v\u00e1s \u010dek\u00e1 t\u00e9m\u011b\u0159 200 v\u00fdhern\u00edch automat\u016f, kter\u00e9 nab\u00edzej\u00ed p\u0159es 3.500 variant her. Ka\u017ed\u00fd automat disponuje funkc\u00ed cashless a je napojen na jackpotov\u00fd syst\u00e9m, kde ka\u017ed\u00fd den padaj\u00ed jackpoty a\u017e do v\u00fd\u0161e 700.000,-. To u\u017e je po\u0159\u00e1dn\u00e1 n\u00e1lo\u017e, co \u0159\u00edk\u00e1te?<\/p>\n<img decoding=\"async\" loading='false' src=\"https:\/\/vestecasino.cz\/assets\/uploads\/sites\/1397\/2025\/05\/20250228-095827.jpg\" alt=\"\" \/>\t\t\t\n\t\t\t<img decoding=\"async\" loading='false' src=\"https:\/\/vestecasino.cz\/assets\/uploads\/sites\/1397\/2025\/10\/dsc04392-e1760555076177.jpg\" alt=\"\" \/>\t\t\t\n\t\t\t\t<h2>75 m\u00edst u stol\u016f \u017eiv\u00e9 hry<\/h2><p><img decoding=\"async\" src=\"https:\/\/vestecasino.cz\/assets\/uploads\/sites\/1397\/2025\/05\/textline.png\" \/><\/p>\n<p>Pro milovn\u00edky \u017eiv\u00e9 hry je p\u0159ipraveno t\u00e9m\u011b\u0159 sto m\u00edst u hern\u00edch stol\u016f na ruletu, Black Jack, UTH se s\u00e1zkami a\u017e do v\u00fd\u0161e 10.000,-. Pohodln\u011b se posa\u010fte a poj\u010fte se bavit, hr\u00e1t a vyhr\u00e1t!<\/p>\n<img decoding=\"async\" loading='false' src=\"https:\/\/vestecasino.cz\/assets\/uploads\/sites\/1397\/2025\/10\/dsc04392-e1760555076177.jpg\" alt=\"\" \/>\t\t\t\n\t\t\t<img decoding=\"async\" loading='false' src=\"https:\/\/vestecasino.cz\/assets\/uploads\/sites\/1397\/2025\/05\/xxl-p.png\" alt=\"\" \/>\t\t\t\n\t\t\t\t<h2>XXL parkovi\u0161t\u011b<\/h2><p><img decoding=\"async\" src=\"https:\/\/vestecasino.cz\/assets\/uploads\/sites\/1397\/2025\/05\/textline.png\" \/><\/p>\n<p>Z\u00e1le\u017e\u00ed n\u00e1m na tom, aby byl v\u00e1\u0161 z\u00e1\u017eitek maxim\u00e1ln\u011b komfortn\u00ed a bezstarostn\u00fd, tak\u017ee i na\u0161e parkovi\u0161t\u011b je v\u00e1m k dispozici \u201e24\/7&#8243;. P\u0159\u00edjezdov\u00e1 trasa je p\u0159ehledn\u011b zna\u010dena, sta\u010d\u00ed tedy zaparkovat a jste hned u n\u00e1s kde se na v\u00e1s budou t\u011b\u0161it p\u0159\u00edjemn\u00e9 recep\u010dn\u00ed na jedn\u00e9 z na\u0161ich recepc\u00ed.<\/p>\n<img decoding=\"async\" loading='false' src=\"https:\/\/vestecasino.cz\/assets\/uploads\/sites\/1397\/2025\/05\/xxl-p.png\" alt=\"\" \/>\t\t\t\n\t<h2>\n\t\t\t\tJak se k n\u00e1m dostanete\n\t\t\t<\/h2>\n\t\t\t\t<img loading=\"lazy\" decoding=\"async\" src=\"https:\/\/vestecasino.cz\/assets\/uploads\/sites\/1397\/2025\/05\/titleline.png\" alt=\"titleline\" height=\"45\" width=\"708\" title=\"titleline\" \/>\n\t\t\t\t<a href=\"https:\/\/www.google.cz\/maps\/place\/VesteCasino\/@49.9929757,14.4858746,17z\/data=!3m1!4b1!4m6!3m5!1s0x470b913f1f3d1b73:0xc220906195fe9eaa!8m2!3d49.9929757!4d14.4884495!16s%2Fg%2F11l37b367j!5m1!1e1?entry=ttu&#038;g_ep=EgoyMDI1MDEwOC4wIKXMDSoASAFQAw%3D%3D\" target=\"_blank\" rel=\"noopener\">\n\t\t\t\t<img loading=\"lazy\" decoding=\"async\" src=\"https:\/\/vestecasino.cz\/assets\/uploads\/sites\/1397\/2025\/06\/map1htr.png\" alt=\"map1HTr\" height=\"820\" width=\"1309\" title=\"map1HTr\" \/>\n\t\t\t\t<\/a>\n\n","protected":false},"excerpt":{"rendered":"<p>V\u00edtejte ve sv\u011bt\u011b z\u00e1bavy KV\u011aTEN Nonstop hry v casinu Vestec M\u00e1me pro v\u00e1s 3.500 her V nejluxusn\u011bj\u0161\u00edm casinu v Praze na v\u00e1s \u010dek\u00e1 t\u00e9m\u011b\u0159 200 v\u00fdhern\u00edch automat\u016f, kter\u00e9 nab\u00edzej\u00ed p\u0159es 3.500 variant her. Ka\u017ed\u00fd automat disponuje funkc\u00ed cashless a je napojen na jackpotov\u00fd syst\u00e9m, kde ka\u017ed\u00fd den padaj\u00ed jackpoty a\u017e do v\u00fd\u0161e 700.000,-. To u\u017e&hellip;<\/p>\n","protected":false},"author":633,"featured_media":0,"parent":0,"menu_order":0,"comment_status":"closed","ping_status":"closed","template":"","meta":{"footnotes":""},"class_list":["post-3120","page","type-page","status-publish","hentry"],"_links":{"self":[{"href":"https:\/\/vestecasino.cz\/ru\/wp-json\/wp\/v2\/pages\/3120","targetHints":{"allow":["GET"]}}],"collection":[{"href":"https:\/\/vestecasino.cz\/ru\/wp-json\/wp\/v2\/pages"}],"about":[{"href":"https:\/\/vestecasino.cz\/ru\/wp-json\/wp\/v2\/types\/page"}],"author":[{"embeddable":true,"href":"https:\/\/vestecasino.cz\/ru\/wp-json\/wp\/v2\/users\/633"}],"replies":[{"embeddable":true,"href":"https:\/\/vestecasino.cz\/ru\/wp-json\/wp\/v2\/comments?post=3120"}],"version-history":[{"count":24,"href":"https:\/\/vestecasino.cz\/ru\/wp-json\/wp\/v2\/pages\/3120\/revisions"}],"predecessor-version":[{"id":4670,"href":"https:\/\/vestecasino.cz\/ru\/wp-json\/wp\/v2\/pages\/3120\/revisions\/4670"}],"wp:attachment":[{"href":"https:\/\/vestecasino.cz\/ru\/wp-json\/wp\/v2\/media?parent=3120"}],"curies":[{"name":"wp","href":"https:\/\/api.w.org\/{rel}","templated":true}]}}