{"id":4070,"date":"2016-10-09T16:42:38","date_gmt":"2016-10-09T16:42:38","guid":{"rendered":"https:\/\/vestecasino.cz\/kontakt\/"},"modified":"2025-08-07T12:00:51","modified_gmt":"2025-08-07T12:00:51","slug":"kontakt","status":"publish","type":"page","link":"https:\/\/vestecasino.cz\/ru\/kontakt\/","title":{"rendered":"Kontakt"},"content":{"rendered":"\n\n\t\t\t<h3>\u041a\u043e\u043d\u0442\u0430\u043a\u0442\u044b<\/h3>\t\t\t\n\t\t\t\t<img loading=\"lazy\" decoding=\"async\" src=\"https:\/\/vestecasino.cz\/assets\/uploads\/sites\/1397\/2025\/08\/titleline.png\" alt=\"titleline\" height=\"45\" width=\"708\" title=\"titleline\" \/>\n\t\n\t<h2>\n\t\t\t\t\u041c\u044b \u0440\u0430\u0431\u043e\u0442\u0430\u0435\u043c \u0434\u043b\u044f \u0432\u0430\u0441 24\/7!\n\t\t\t<\/h2>\n\t\t\t<p>\u041d\u0430\u043f\u0438\u0448\u0438\u0442\u0435 \u043d\u0430\u043c!<\/p>\t\n\t\t<h3>\u0410\u0434\u0440\u0435\u0441<\/h3>\t\t\t\n\t\t\t\t<p>V\u00edde\u0148sk\u00e1 699, Vestec<br \/>Praha-z\u00e1pad<\/p>\n\t\t<h3>\u0422\u0435\u043b\u0435\u0444\u043e\u043d<\/h3>\t\t\t\n\t\t\t\t<p>+420 778 707 000<br \/>+420 778 416 739<\/p>\n\t\t<h3>\u042d\u043b\u0435\u043a\u0442\u0440\u043e\u043d\u043d\u0430\u044f \u043f\u043e\u0447\u0442\u0430<\/h3>\t\t\t\n\t\t\t\t<p>info@vestecasino.cz<\/p>\n\n","protected":false},"excerpt":{"rendered":"<p>\u041a\u043e\u043d\u0442\u0430\u043a\u0442\u044b \u041c\u044b \u0440\u0430\u0431\u043e\u0442\u0430\u0435\u043c \u0434\u043b\u044f \u0432\u0430\u0441 24\/7! \u041d\u0430\u043f\u0438\u0448\u0438\u0442\u0435 \u043d\u0430\u043c! \u0410\u0434\u0440\u0435\u0441 V\u00edde\u0148sk\u00e1 699, VestecPraha-z\u00e1pad \u0422\u0435\u043b\u0435\u0444\u043e\u043d +420 778 707 000+420 778 416 739 \u042d\u043b\u0435\u043a\u0442\u0440\u043e\u043d\u043d\u0430\u044f \u043f\u043e\u0447\u0442\u0430 info@vestecasino.cz<\/p>\n","protected":false},"author":1,"featured_media":0,"parent":0,"menu_order":0,"comment_status":"closed","ping_status":"closed","template":"","meta":{"footnotes":""},"class_list":["post-4070","page","type-page","status-publish","hentry"],"_links":{"self":[{"href":"https:\/\/vestecasino.cz\/ru\/wp-json\/wp\/v2\/pages\/4070","targetHints":{"allow":["GET"]}}],"collection":[{"href":"https:\/\/vestecasino.cz\/ru\/wp-json\/wp\/v2\/pages"}],"about":[{"href":"https:\/\/vestecasino.cz\/ru\/wp-json\/wp\/v2\/types\/page"}],"author":[{"embeddable":true,"href":"https:\/\/vestecasino.cz\/ru\/wp-json\/wp\/v2\/users\/1"}],"replies":[{"embeddable":true,"href":"https:\/\/vestecasino.cz\/ru\/wp-json\/wp\/v2\/comments?post=4070"}],"version-history":[{"count":4,"href":"https:\/\/vestecasino.cz\/ru\/wp-json\/wp\/v2\/pages\/4070\/revisions"}],"predecessor-version":[{"id":4260,"href":"https:\/\/vestecasino.cz\/ru\/wp-json\/wp\/v2\/pages\/4070\/revisions\/4260"}],"wp:attachment":[{"href":"https:\/\/vestecasino.cz\/ru\/wp-json\/wp\/v2\/media?parent=4070"}],"curies":[{"name":"wp","href":"https:\/\/api.w.org\/{rel}","templated":true}]}}