{"id":4101,"date":"2023-10-02T07:16:53","date_gmt":"2023-10-02T07:16:53","guid":{"rendered":"https:\/\/vestecasino.cz\/program\/"},"modified":"2026-03-06T10:37:11","modified_gmt":"2026-03-06T10:37:11","slug":"program","status":"publish","type":"page","link":"https:\/\/vestecasino.cz\/ru\/program\/","title":{"rendered":"Program"},"content":{"rendered":"\n\n\t\t\t<h2>\u041f\u0440\u043e\u0433\u0440\u0430\u043c\u043c\u0430<\/h2>\t\t\t\n\t\t\t\t<img loading=\"lazy\" decoding=\"async\" src=\"https:\/\/vestecasino.cz\/assets\/uploads\/sites\/1397\/2025\/08\/titleline.png\" alt=\"titleline\" height=\"45\" width=\"708\" title=\"titleline\" \/>\n\t\t\t\t<img loading=\"lazy\" decoding=\"async\" src=\"https:\/\/vestecasino.cz\/assets\/uploads\/sites\/1397\/2025\/08\/textline2.png\" alt=\"textline2\" height=\"12\" width=\"708\" title=\"textline2\" \/>\n<h2>\n\t\t\u043c\u0430\u0440\u0442\n\t<\/h2>\n\t\t\t\t<img loading=\"lazy\" decoding=\"async\" src=\"https:\/\/vestecasino.cz\/assets\/uploads\/sites\/1397\/2025\/08\/textline-1.png\" alt=\"textline\" height=\"12\" width=\"708\" title=\"textline\" \/>\n\t\t\t\t<img loading=\"lazy\" decoding=\"async\" src=\"https:\/\/vestecasino.cz\/assets\/uploads\/sites\/1397\/2026\/03\/bez-nazvu2.jpg\" alt=\"Bez n\u00e1zvu2\" height=\"2048\" width=\"1448\" title=\"Bez n\u00e1zvu2\" \/>\n\t\t\t\t<img decoding=\"async\" src=\"https:\/\/vestecasino.cz\/assets\/uploads\/sites\/1397\/2023\/10\/vestec_casino_logo_negativni_zakladni_varianta-1.svg\" alt=\"vestec_casino_logo_negativni_zakladni_varianta 1\" title=\"vestec_casino_logo_negativni_zakladni_varianta 1\" \/>\n\t\t\t\t<img loading=\"lazy\" decoding=\"async\" src=\"https:\/\/vestecasino.cz\/assets\/uploads\/sites\/1397\/2025\/08\/textline2.png\" alt=\"textline2\" height=\"12\" width=\"708\" title=\"textline2\" \/>\n<h2>\n\t\t\u0410\u0440\u0445\u0438\u0432 \u043f\u0440\u043e\u0433\u0440\u0430\u043c\u043c\n\t<\/h2>\n\t\t\t\t<img loading=\"lazy\" decoding=\"async\" src=\"https:\/\/vestecasino.cz\/assets\/uploads\/sites\/1397\/2025\/08\/textline-1.png\" alt=\"textline\" height=\"12\" width=\"708\" title=\"textline\" \/>\n\t\t<a href=\"https:\/\/vestecasino.cz\/ru\/akce\/vegas-jackpot-u-prahy\/\" title=\"View Box Content\" target=\"_self\" aria-label=\"Post Element\"><\/a>\t\t\n\t\t\t\t\t\t\t\t\t\t\t\t\t\t<a href=\"https:\/\/vestecasino.cz\/ru\/akce\/vegas-jackpot-u-prahy\/\" target=\"_self\" title=\"VEGAS JACKPOT U PRAHY\">\n\t\t\t\t<img decoding=\"async\" src=\"https:\/\/vestecasino.cz\/assets\/uploads\/sites\/1397\/2025\/08\/vlcsnap-2025-08-31-22h04m54s121-600x400.png\" alt=\"\" \/>\n\t\t\t\t<\/a>\n\t\t\t\t\t\t<h2>\n\t\t\t\t<a href=\"https:\/\/vestecasino.cz\/ru\/akce\/vegas-jackpot-u-prahy\/\" title=\"VEGAS JACKPOT U PRAHY\">VEGAS JACKPOT U PRAHY<\/a>\t\t\t<\/h2>\n\t\t\t\t\t\t\t\tV NED\u011aLI 28. Z\u00c1\u0158\u00cd JE NEJEN ST\u00c1TN\u00cd SV\u00c1TEK, ALE ZEJM\u00c9NA SV\u00c1TEK JACKPOT\u016e! JACKPOTY JEDOU D\u00c1L &#8211; va\u0161e obl\u00edben\u00e1 kasina ve Vegas U Prahy v\u00e1m v tento den p\u0159inesou garantovan\u00fdch 500 000 K\u010d v jackpotech. P\u0159ij\u010fte se bavit do kr\u00e1lovstv\u00ed va\u0161\u00ed z\u00e1bavy, do Vegas U Prahy!\n\t\t<a href=\"https:\/\/vestecasino.cz\/ru\/akce\/vestecka-555\/\" title=\"View Box Content\" target=\"_self\" aria-label=\"Post Element\"><\/a>\t\t\n\t\t\t\t\t\t\t\t\t\t\t\t\t\t<a href=\"https:\/\/vestecasino.cz\/ru\/akce\/vestecka-555\/\" target=\"_self\" title=\"VESTECK\u00c1 555\">\n\t\t\t\t<img decoding=\"async\" src=\"https:\/\/vestecasino.cz\/assets\/uploads\/sites\/1397\/2025\/07\/vlcsnap-2025-07-01-15h21m20s362-600x400.png\" alt=\"\" \/>\n\t\t\t\t<\/a>\n\t\t\t\t\t\t<h2>\n\t\t\t\t<a href=\"https:\/\/vestecasino.cz\/ru\/akce\/vestecka-555\/\" title=\"VESTECK\u00c1 555\">VESTECK\u00c1 555<\/a>\t\t\t<\/h2>\n\t\t\t\t\t\t\t\tP\u011aTKY JSOU ZP\u011aT &#8211; V PLN\u00c9 PAR\u00c1D\u011a!!!\u2028Ka\u017ed\u00e9 \u00fater\u00fd od 21:00, po cel\u00e9 l\u00e9to &#8211; t\u011b\u0161te se na fin\u00e1lov\u00e9 slosov\u00e1n\u00ed!\u2028Sb\u00edrej kup\u00f3ny a p\u0159ij\u010f si pro svou v\u00fdhru! Jak v \u010dervenci, tak i v srpnu pro v\u00e1s m\u00e1me 555.000 korun! P\u011btky a pr\u00e1zdniny? Jasn\u011b, skv\u011bl\u00e1\u00a0kombinace!\n\t\t<a href=\"https:\/\/vestecasino.cz\/ru\/akce\/leto-plne-jackpotu\/\" title=\"View Box Content\" target=\"_self\" aria-label=\"Post Element\"><\/a>\t\t\n\t\t\t\t\t\t\t\t\t\t\t\t\t\t<a href=\"https:\/\/vestecasino.cz\/ru\/akce\/leto-plne-jackpotu\/\" target=\"_self\" title=\"L\u00c9TO PLN\u00c9 JACKPOT\u016e\">\n\t\t\t\t<img decoding=\"async\" src=\"https:\/\/vestecasino.cz\/assets\/uploads\/sites\/1397\/2025\/07\/vlcsnap-2025-07-01-15h23m41s918-600x400.png\" alt=\"\" \/>\n\t\t\t\t<\/a>\n\t\t\t\t\t\t<h2>\n\t\t\t\t<a href=\"https:\/\/vestecasino.cz\/ru\/akce\/leto-plne-jackpotu\/\" title=\"L\u00c9TO PLN\u00c9 JACKPOT\u016e\">L\u00c9TO PLN\u00c9 JACKPOT\u016e<\/a>\t\t\t<\/h2>\n\t\t\t\t\t\t\t\tL\u00c9TO PLN\u00c9 JACKPOT\u016e dorazilo do Vestce! Ehm&#8230; Pardon&#8230; Do Vegas!\u2028\u010cervenec je ve Vegas u Prahy nabit\u00fd jackpoty &#8211; po cel\u00fd m\u011bs\u00edc garantujeme celkem 5 000 000 korun! V\u00e1\u0161 jackpot m\u016f\u017ee padnout doslova kdykoliv &#8211; nenechte si tuhle p\u0159\u00edle\u017eitost uj\u00edt! Dovolen\u00e1? Po\u010dk\u00e1! \u010cervenec ve Vegas u Prahy &#8211; skv\u011bl\u00e1 z\u00e1bava a jackpoty t\u00e9m\u011b\u0159 v\u00a0jednom\u00a0kuse!!!\n\t\t<a href=\"https:\/\/vestecasino.cz\/ru\/akce\/italie-na-taliri\/\" title=\"View Box Content\" target=\"_self\" aria-label=\"Post Element\"><\/a>\t\t\n\t\t\t\t\t\t\t\t\t\t\t\t\t\t<a href=\"https:\/\/vestecasino.cz\/ru\/akce\/italie-na-taliri\/\" target=\"_self\" title=\"IT\u00c1LIE NA TAL\u00cd\u0158I\">\n\t\t\t\t<img decoding=\"async\" src=\"https:\/\/vestecasino.cz\/assets\/uploads\/sites\/1397\/2025\/07\/vlcsnap-2025-07-01-15h24m14s293-600x400.png\" alt=\"\" \/>\n\t\t\t\t<\/a>\n\t\t\t\t\t\t<h2>\n\t\t\t\t<a href=\"https:\/\/vestecasino.cz\/ru\/akce\/italie-na-taliri\/\" title=\"IT\u00c1LIE NA TAL\u00cd\u0158I\">IT\u00c1LIE NA TAL\u00cd\u0158I<\/a>\t\t\t<\/h2>\n\t\t\t\t\t\t\t\tKa\u017ed\u00e9 pond\u011bl\u00ed od 19:00 v\u00e1s vezmeme na dal\u0161\u00ed z\u00e1bavnou kulin\u00e1\u0159skou cestu k va\u0161\u00ed h\u0159e &#8211; tentokr\u00e1t je na \u0159ad\u011b It\u00e1lie. Pond\u011bln\u00ed ve\u010dery ve VesteCasino &#8211; to je nejen vzru\u0161en\u00ed ze hry, ale i skv\u011bl\u00e1 kuchyn\u011b! BUON\u00a0APPETITO!\n\t\t<a href=\"https:\/\/vestecasino.cz\/ru\/akce\/jackpotmanie\/\" title=\"View Box Content\" target=\"_self\" aria-label=\"Post Element\"><\/a>\t\t\n\t\t\t\t\t\t\t\t\t\t\t\t\t\t<a href=\"https:\/\/vestecasino.cz\/ru\/akce\/jackpotmanie\/\" target=\"_self\" title=\"JACKPOTM\u00c1NIE\">\n\t\t\t\t<img decoding=\"async\" src=\"https:\/\/vestecasino.cz\/assets\/uploads\/sites\/1397\/2025\/06\/jackpotmanie-600x400.png\" alt=\"\" \/>\n\t\t\t\t<\/a>\n\t\t\t\t\t\t<h2>\n\t\t\t\t<a href=\"https:\/\/vestecasino.cz\/ru\/akce\/jackpotmanie\/\" title=\"JACKPOTM\u00c1NIE\">JACKPOTM\u00c1NIE<\/a>\t\t\t<\/h2>\n\t\t\t\t\t\t\t\tJACKPOTM\u00c1NIE ve Vegas u Prahy. PO CEL\u00dd \u010cERVEN. KA\u017dD\u00dd DEN. Pond\u011bl\u00ed, \u00fater\u00fd, p\u00e1tek, sobota a ned\u011ble &#8211; STO TIS\u00cdC. Pt\u00e1te se, co st\u0159eda a \u010dtvrtek? 250 TIS\u00cdC v ka\u017ed\u00e9m z t\u011bchto dn\u016f. Kolik to d\u011bl\u00e1 celkem? 5 MEGA! P\u0159\u00edpravy na pr\u00e1zdniny \u010di dovolenou mus\u00ed po\u010dkat &#8211; \u010cERVEN, TO JE JACKPOTM\u00c1NIE!!!\n\t\t<a href=\"https:\/\/vestecasino.cz\/ru\/akce\/halloween-party\/\" title=\"View Box Content\" target=\"_self\" aria-label=\"Post Element\"><\/a>\t\t\n\t\t\t\t\t\t\t\t\t\t\t\t\t\t<a href=\"https:\/\/vestecasino.cz\/ru\/akce\/halloween-party\/\" target=\"_self\" title=\"HALLOWEEN P\u00c1RTY\">\n\t\t\t\t<img decoding=\"async\" src=\"https:\/\/vestecasino.cz\/assets\/uploads\/sites\/1397\/2025\/09\/rijen-halloween-600x400.png\" alt=\"\" \/>\n\t\t\t\t<\/a>\n\t\t\t\t\t\t<h2>\n\t\t\t\t<a href=\"https:\/\/vestecasino.cz\/ru\/akce\/halloween-party\/\" title=\"HALLOWEEN P\u00c1RTY\">HALLOWEEN P\u00c1RTY<\/a>\t\t\t<\/h2>\n\t\t\t\t\t\t\t\tHALLOWEEN? JSME O KROK NAP\u0158ED! HALLOWEEN ve VesteCasino letos vypukne U\u017d V SOBOTU 18. \u0158\u00cdJNA ve\u010der. P\u0159ij\u010fte k n\u00e1m a bavme se spole\u010dn\u011b &#8211; halloweensk\u00fd raut, netradi\u010dn\u00ed drinky, n\u011bjak\u00e1 ta stra\u0161idla&#8230; Zkr\u00e1tka a dob\u0159e, HALLOWEEN bude v nejluxusn\u011bj\u0161\u00edm casinu v Praze velik\u00e1 par\u00e1da. T\u011b\u0161\u00edme se na v\u00e1s!\n\t\t<a href=\"https:\/\/vestecasino.cz\/ru\/akce\/vestec-jackpot-nights\/\" title=\"View Box Content\" target=\"_self\" aria-label=\"Post Element\"><\/a>\t\t\n\t\t\t\t\t\t\t\t\t\t\t\t\t\t<a href=\"https:\/\/vestecasino.cz\/ru\/akce\/vestec-jackpot-nights\/\" target=\"_self\" title=\"VESTEC JACKPOT NIGHTS\">\n\t\t\t\t<img decoding=\"async\" src=\"https:\/\/vestecasino.cz\/assets\/uploads\/sites\/1397\/2025\/06\/06-jn-2-600x400.png\" alt=\"\" \/>\n\t\t\t\t<\/a>\n\t\t\t\t\t\t<h2>\n\t\t\t\t<a href=\"https:\/\/vestecasino.cz\/ru\/akce\/vestec-jackpot-nights\/\" title=\"VESTEC JACKPOT NIGHTS\">VESTEC JACKPOT NIGHTS<\/a>\t\t\t<\/h2>\n\t\t\t\t\t\t\t\tI tento \u010dtvrtek \u00faderem 17. hodiny\n\t\t<a href=\"https:\/\/vestecasino.cz\/ru\/akce\/zdvojene-nacitani-bodu\/\" title=\"View Box Content\" target=\"_self\" aria-label=\"Post Element\"><\/a>\t\t\n\t\t\t\t\t\t\t\t\t\t\t\t\t\t<a href=\"https:\/\/vestecasino.cz\/ru\/akce\/zdvojene-nacitani-bodu\/\" target=\"_self\" title=\"ZDVOJEN\u00c9 BODY\">\n\t\t\t\t<img decoding=\"async\" src=\"https:\/\/vestecasino.cz\/assets\/uploads\/sites\/1397\/2025\/06\/06-dvoj-body-600x400.png\" alt=\"\" \/>\n\t\t\t\t<\/a>\n\t\t\t\t\t\t<h2>\n\t\t\t\t<a href=\"https:\/\/vestecasino.cz\/ru\/akce\/zdvojene-nacitani-bodu\/\" title=\"ZDVOJEN\u00c9 BODY\">ZDVOJEN\u00c9 BODY<\/a>\t\t\t<\/h2>\n\t\t\t\t\t\t\t\tZdvojen\u00e9 body? Zdvojen\u00fd z\u00e1\u017eitek! A tak\u00e9&#8230; Zdvojen\u00e1 radost, zdvojen\u00e9 emoce, zdvojen\u00e1 rychlost&#8230; P\u0159ij\u010fte se bavit, ka\u017ed\u00e9 \u00fater\u00fd od 00:00 do 24:00, budeme v\u00e1m na\u010d\u00edtat body dvojn\u00e1sobnou rychlosti! T\u011b\u0161\u00edme se na v\u00e1s!!!\n\t\t<a href=\"https:\/\/vestecasino.cz\/ru\/akce\/vegas-box\/\" title=\"View Box Content\" target=\"_self\" aria-label=\"Post Element\"><\/a>\t\t\n\t\t\t\t\t\t\t\t\t\t\t\t\t\t<a href=\"https:\/\/vestecasino.cz\/ru\/akce\/vegas-box\/\" target=\"_self\" title=\"VEGAS BOX\">\n\t\t\t\t<img decoding=\"async\" src=\"https:\/\/vestecasino.cz\/assets\/uploads\/sites\/1397\/2025\/01\/8de44760f96a28dde7d2e116b1798ab8-600x400.jpg\" alt=\"\" \/>\n\t\t\t\t<\/a>\n\t\t\t\t\t\t<h2>\n\t\t\t\t<a href=\"https:\/\/vestecasino.cz\/ru\/akce\/vegas-box\/\" title=\"VEGAS BOX\">VEGAS BOX<\/a>\t\t\t<\/h2>\n\t\t\t\t\t\t\t\tKA\u017dD\u00dd DVOUST\u00dd JACKPOT ve &#8220;Vegas u Prahy&#8221; p\u0159in\u00e1\u0161\u00ed v\u00fdhru nav\u00edc\n\t\t<a href=\"https:\/\/vestecasino.cz\/ru\/akce\/vase-spizy\/\" title=\"View Box Content\" target=\"_self\" aria-label=\"Post Element\"><\/a>\t\t\n\t\t\t\t\t\t\t\t\t\t\t\t\t\t<a href=\"https:\/\/vestecasino.cz\/ru\/akce\/vase-spizy\/\" target=\"_self\" title=\"GURM\u00c1NSK\u00c9 VE\u010cERY\">\n\t\t\t\t<img decoding=\"async\" src=\"https:\/\/vestecasino.cz\/assets\/uploads\/sites\/1397\/2025\/04\/05-vase-spizy-600x400.png\" alt=\"\" \/>\n\t\t\t\t<\/a>\n\t\t\t\t\t\t<h2>\n\t\t\t\t<a href=\"https:\/\/vestecasino.cz\/ru\/akce\/vase-spizy\/\" title=\"GURM\u00c1NSK\u00c9 VE\u010cERY\">GURM\u00c1NSK\u00c9 VE\u010cERY<\/a>\t\t\t<\/h2>\n\t\t\t\t\t\t\t\tJehly, \u0161p\u00edzy, ra\u017eni\u010di, s va\u0161\u00edm hladem zacvi\u010d\u00ed&#8230; Ha, ha, ha. Zkr\u00e1tka a dob\u0159e, b\u011bhem va\u0161\u00ed z\u00e1bavy v\u00e1s nenech\u00e1me o hladu. N\u00e1\u0161 ka\u017edodenn\u00ed (a p\u0159ece poka\u017ed\u00e9 jin\u00fd) raut u\u017e jist\u011b zn\u00e1te, ale po\u010d\u00ednaje kv\u011btnem pro v\u00e1s m\u00e1me ka\u017edou st\u0159edu &#8220;tutovou&#8221; novinku. \u0160\u0165avnat\u00e9, chutn\u00e9, jednodu\u0161e vytun\u011bn\u00e9 jehly. Maso, zelenina, slaninka&#8230; Bavte sebe hrou a sv\u00e9 chu\u0165ov\u00e9 bu\u0148ky&hellip;\n\t\t<a href=\"https:\/\/vestecasino.cz\/ru\/akce\/vestecke-555-000-tri-petky-pro-vas\/\" title=\"View Box Content\" target=\"_self\" aria-label=\"Post Element\"><\/a>\t\t\n\t\t\t\t\t\t\t\t\t\t\t\t\t\t<a href=\"https:\/\/vestecasino.cz\/ru\/akce\/vestecke-555-000-tri-petky-pro-vas\/\" target=\"_self\" title=\"VESTECK\u00c9 555.000? &#8220;T\u0158I P\u011aTKY&#8221; PRO V\u00c1S!\">\n\t\t\t\t<img decoding=\"async\" src=\"https:\/\/vestecasino.cz\/assets\/uploads\/sites\/1397\/2025\/02\/20240228-104844-600x400.png\" alt=\"\" \/>\n\t\t\t\t<\/a>\n\t\t\t\t\t\t<h2>\n\t\t\t\t<a href=\"https:\/\/vestecasino.cz\/ru\/akce\/vestecke-555-000-tri-petky-pro-vas\/\" title=\"VESTECK\u00c9 555.000? &#8220;T\u0158I P\u011aTKY&#8221; PRO V\u00c1S!\">VESTECK\u00c9 555.000? &#8220;T\u0158I P\u011aTKY&#8221; PRO V\u00c1S!<\/a>\t\t\t<\/h2>\n\t\t\t\t\t\t\t\tB\u0158EZEN? Z\u00fa\u010dastn\u011bte se a hrajte o CELKEM 555.000 korun!!!\n\t\t<a href=\"https:\/\/vestecasino.cz\/ru\/akce\/bbq-vecery\/\" title=\"View Box Content\" target=\"_self\" aria-label=\"Post Element\"><\/a>\t\t\n\t\t\t\t\t\t\t\t\t\t\t\t\t\t<a href=\"https:\/\/vestecasino.cz\/ru\/akce\/bbq-vecery\/\" target=\"_self\" title=\"BBQ VE\u010cERY\">\n\t\t\t\t<img decoding=\"async\" src=\"https:\/\/vestecasino.cz\/assets\/uploads\/sites\/1397\/2024\/12\/bbq-600x400.png\" alt=\"\" \/>\n\t\t\t\t<\/a>\n\t\t\t\t\t\t<h2>\n\t\t\t\t<a href=\"https:\/\/vestecasino.cz\/ru\/akce\/bbq-vecery\/\" title=\"BBQ VE\u010cERY\">BBQ VE\u010cERY<\/a>\t\t\t<\/h2>\n\t\t\t\t\t\t\t\tKa\u017edou st\u0159edu od 19. hodiny\n\t\t<a href=\"https:\/\/vestecasino.cz\/ru\/akce\/veprove-hody\/\" title=\"View Box Content\" target=\"_self\" aria-label=\"Post Element\"><\/a>\t\t\n\t\t\t\t\t\t\t\t\t\t\t\t\t\t<a href=\"https:\/\/vestecasino.cz\/ru\/akce\/veprove-hody\/\" target=\"_self\" title=\"VEP\u0158OV\u00c9 HODY\">\n\t\t\t\t<img decoding=\"async\" src=\"https:\/\/vestecasino.cz\/assets\/uploads\/sites\/1397\/2025\/01\/zabijacka-600x400.png\" alt=\"\" \/>\n\t\t\t\t<\/a>\n\t\t\t\t\t\t<h2>\n\t\t\t\t<a href=\"https:\/\/vestecasino.cz\/ru\/akce\/veprove-hody\/\" title=\"VEP\u0158OV\u00c9 HODY\">VEP\u0158OV\u00c9 HODY<\/a>\t\t\t<\/h2>\n\t\t\t\t\t\t\t\tVESTECASINO, to je nejen skv\u011bl\u00e1 z\u00e1bava, ale tak\u00e9 V\u00ddBORN\u00c1 DOM\u00c1C\u00cd KUCHYN\u011a! Ji\u017e tuto sobotu, tedy 1. \u00fanora, v\u00e1s zveme na VEP\u0158OV\u00c9 HODY a na VYMAZLEN\u00c9 KOKTEJLY. Za\u010d\u00edn\u00e1me v 11:00 a t\u011b\u0161\u00edme se na v\u00e1s. Jsme VesteCasino. Victory (a ob\u010das taky Vep\u0159ov\u00e9)\u00a0Calling!\n\t\t<a href=\"https:\/\/vestecasino.cz\/ru\/akce\/vestecka-ferovka\/\" title=\"View Box Content\" target=\"_self\" aria-label=\"Post Element\"><\/a>\t\t\n\t\t\t\t\t\t\t\t\t\t\t\t\t\t<a href=\"https:\/\/vestecasino.cz\/ru\/akce\/vestecka-ferovka\/\" target=\"_self\" title=\"VESTECK\u00c1 F\u00c9ROVKA\">\n\t\t\t\t<img decoding=\"async\" src=\"https:\/\/vestecasino.cz\/assets\/uploads\/sites\/1397\/2024\/12\/box-600x400.png\" alt=\"\" \/>\n\t\t\t\t<\/a>\n\t\t\t\t\t\t<h2>\n\t\t\t\t<a href=\"https:\/\/vestecasino.cz\/ru\/akce\/vestecka-ferovka\/\" title=\"VESTECK\u00c1 F\u00c9ROVKA\">VESTECK\u00c1 F\u00c9ROVKA<\/a>\t\t\t<\/h2>\n\t\t\t\t\t\t\t\t\u00datern\u00ed ve\u010dery od 19. hodiny\n\t\t<a href=\"https:\/\/vestecasino.cz\/ru\/akce\/silvestrovke-prekvapeni\/\" title=\"View Box Content\" target=\"_self\" aria-label=\"Post Element\"><\/a>\t\t\n\t\t\t\t\t\t\t\t\t\t\t\t\t\t<a href=\"https:\/\/vestecasino.cz\/ru\/akce\/silvestrovke-prekvapeni\/\" target=\"_self\" title=\"SILVESTROVK\u00c9 P\u0158EKVAPEN\u00cd\">\n\t\t\t\t<img decoding=\"async\" src=\"https:\/\/vestecasino.cz\/assets\/uploads\/sites\/1397\/2024\/12\/girl-silk-dress-celebrates-holding-champagne-black-background-with-confetti-600x400.jpg\" alt=\"\" \/>\n\t\t\t\t<\/a>\n\t\t\t\t\t\t<h2>\n\t\t\t\t<a href=\"https:\/\/vestecasino.cz\/ru\/akce\/silvestrovke-prekvapeni\/\" title=\"SILVESTROVK\u00c9 P\u0158EKVAPEN\u00cd\">SILVESTROVK\u00c9 P\u0158EKVAPEN\u00cd<\/a>\t\t\t<\/h2>\n\t\t\t\t\t\t\t\t31.12.2024 Happy New Year! Victory Calling!\n\t\t<a href=\"https:\/\/vestecasino.cz\/ru\/akce\/jokers-time\/\" title=\"View Box Content\" target=\"_self\" aria-label=\"Post Element\"><\/a>\t\t\n\t\t\t\t\t\t\t\t\t\t\t\t\t\t<a href=\"https:\/\/vestecasino.cz\/ru\/akce\/jokers-time\/\" target=\"_self\" title=\"JOKERS TIME!\">\n\t\t\t\t<img decoding=\"async\" src=\"https:\/\/vestecasino.cz\/assets\/uploads\/sites\/1397\/2024\/09\/img-1640-600x400.jpg\" alt=\"\" \/>\n\t\t\t\t<\/a>\n\t\t\t\t\t\t<h2>\n\t\t\t\t<a href=\"https:\/\/vestecasino.cz\/ru\/akce\/jokers-time\/\" title=\"JOKERS TIME!\">JOKERS TIME!<\/a>\t\t\t<\/h2>\n\t\t\t\t\t\t\t\tKdy? Kdykoliv! T\u011b\u0161te se :)))\n\t\t<a href=\"https:\/\/vestecasino.cz\/ru\/akce\/vestecke-rybicky\/\" title=\"View Box Content\" target=\"_self\" aria-label=\"Post Element\"><\/a>\t\t\n\t\t\t\t\t\t\t\t\t\t\t\t\t\t<a href=\"https:\/\/vestecasino.cz\/ru\/akce\/vestecke-rybicky\/\" target=\"_self\" title=\"VESTECK\u00c9 RYBI\u010cKY\">\n\t\t\t\t<img decoding=\"async\" src=\"https:\/\/vestecasino.cz\/assets\/uploads\/sites\/1397\/2024\/09\/rybicky-600x400.png\" alt=\"\" \/>\n\t\t\t\t<\/a>\n\t\t\t\t\t\t<h2>\n\t\t\t\t<a href=\"https:\/\/vestecasino.cz\/ru\/akce\/vestecke-rybicky\/\" title=\"VESTECK\u00c9 RYBI\u010cKY\">VESTECK\u00c9 RYBI\u010cKY<\/a>\t\t\t<\/h2>\n\t\t\t\t\t\t\t\t\u00datern\u00ed ve\u010dery od 19. hodiny\n\t\t<a href=\"https:\/\/vestecasino.cz\/ru\/akce\/asijske-chute\/\" title=\"View Box Content\" target=\"_self\" aria-label=\"Post Element\"><\/a>\t\t\n\t\t\t\t\t\t\t\t\t\t\t\t\t\t<a href=\"https:\/\/vestecasino.cz\/ru\/akce\/asijske-chute\/\" target=\"_self\" title=\"ASIJSK\u00c9 CHUT\u011a\">\n\t\t\t\t<img decoding=\"async\" src=\"https:\/\/vestecasino.cz\/assets\/uploads\/sites\/1397\/2024\/04\/asijske-chute-600x400.png\" alt=\"Ruka s h\u016flkami nad tal\u00ed\u0159em s asijsk\u00fdmi pokrmy a zeleninou\" \/>\n\t\t\t\t<\/a>\n\t\t\t\t\t\t<h2>\n\t\t\t\t<a href=\"https:\/\/vestecasino.cz\/ru\/akce\/asijske-chute\/\" title=\"ASIJSK\u00c9 CHUT\u011a\">ASIJSK\u00c9 CHUT\u011a<\/a>\t\t\t<\/h2>\n\t\t\t\t\t\t\t\tKa\u017ed\u00e9 pond\u011bl\u00ed od 19. hodiny\n\t\t<a href=\"https:\/\/vestecasino.cz\/ru\/akce\/navic\/\" title=\"View Box Content\" target=\"_self\" aria-label=\"Post Element\"><\/a>\t\t\n\t\t\t\t\t\t\t\t\t\t\t\t\t\t<a href=\"https:\/\/vestecasino.cz\/ru\/akce\/navic\/\" target=\"_self\" title=\"TREF \u010c\u00c1RU A VYHRAJ!\">\n\t\t\t\t<img decoding=\"async\" src=\"https:\/\/vestecasino.cz\/assets\/uploads\/sites\/1397\/2024\/06\/img-0131-600x400.jpeg\" alt=\"Zlat\u00e9 mince na kobercu s kv\u011btinov\u00fdm vzorem v kasinu Vestec\" \/>\n\t\t\t\t<\/a>\n\t\t\t\t\t\t<h2>\n\t\t\t\t<a href=\"https:\/\/vestecasino.cz\/ru\/akce\/navic\/\" title=\"TREF \u010c\u00c1RU A VYHRAJ!\">TREF \u010c\u00c1RU A VYHRAJ!<\/a>\t\t\t<\/h2>\n\t\t\t\t\t\t\t\t\u00datern\u00ed ve\u010dery od 19. hodiny\n\t\t<a href=\"https:\/\/vestecasino.cz\/ru\/akce\/mega-jackpot-night-o-400-000\/\" title=\"View Box Content\" target=\"_self\" aria-label=\"Post Element\"><\/a>\t\t\n\t\t\t\t\t\t\t\t\t\t\t\t\t\t<a href=\"https:\/\/vestecasino.cz\/ru\/akce\/mega-jackpot-night-o-400-000\/\" target=\"_self\" title=\"MEGA JACKPOT NIGHT o 400.000,-\">\n\t\t\t\t<img decoding=\"async\" src=\"https:\/\/vestecasino.cz\/assets\/uploads\/sites\/1397\/2024\/03\/20240228-105255-1-600x400.jpg\" alt=\"\u017deny hraj\u00edc\u00ed na v\u00fdhern\u00edch automatech v kasinu\" \/>\n\t\t\t\t<\/a>\n\t\t\t\t\t\t<h2>\n\t\t\t\t<a href=\"https:\/\/vestecasino.cz\/ru\/akce\/mega-jackpot-night-o-400-000\/\" title=\"MEGA JACKPOT NIGHT o 400.000,-\">MEGA JACKPOT NIGHT o 400.000,-<\/a>\t\t\t<\/h2>\n\t\t\t\t\t\t\t\tTento \u010dtvrtek od 16. hodin\n\t\t<a href=\"https:\/\/vestecasino.cz\/ru\/akce\/mega-jackpot-night\/\" title=\"View Box Content\" target=\"_self\" aria-label=\"Post Element\"><\/a>\t\t\n\t\t\t\t\t\t\t\t\t\t\t\t\t\t<a href=\"https:\/\/vestecasino.cz\/ru\/akce\/mega-jackpot-night\/\" target=\"_self\" title=\"MEGA JACKPOT NIGHT\">\n\t\t\t\t<img decoding=\"async\" src=\"https:\/\/vestecasino.cz\/assets\/uploads\/sites\/1397\/2024\/01\/8de44760f96a28dde7d2e116b1798ab8-600x400.jpg\" alt=\"\u0158ada v\u00fdhern\u00edch automat\u016f v kasinu\" \/>\n\t\t\t\t<\/a>\n\t\t\t\t\t\t<h2>\n\t\t\t\t<a href=\"https:\/\/vestecasino.cz\/ru\/akce\/mega-jackpot-night\/\" title=\"MEGA JACKPOT NIGHT\">MEGA JACKPOT NIGHT<\/a>\t\t\t<\/h2>\n\t\t\t\t\t\t\t\t29. \u00fanora od 18 hodin\n\t\t<a href=\"https:\/\/vestecasino.cz\/ru\/akce\/lunarni-novy-rok-2024\/\" title=\"View Box Content\" target=\"_self\" aria-label=\"Post Element\"><\/a>\t\t\n\t\t\t\t\t\t\t\t\t\t\t\t\t\t<a href=\"https:\/\/vestecasino.cz\/ru\/akce\/lunarni-novy-rok-2024\/\" target=\"_self\" title=\"LUN\u00c1RN\u00cd NOV\u00dd ROK 2024\">\n\t\t\t\t<img decoding=\"async\" src=\"https:\/\/vestecasino.cz\/assets\/uploads\/sites\/1397\/2024\/02\/obrazek-whatsapp-2024-02-06-v-170118-697b7da4-600x400.jpg\" alt=\"V\u00fdzdoba kasina Veste pro oslavu \u010d\u00ednsk\u00e9ho nov\u00e9ho roku 2024\" \/>\n\t\t\t\t<\/a>\n\t\t\t\t\t\t<h2>\n\t\t\t\t<a href=\"https:\/\/vestecasino.cz\/ru\/akce\/lunarni-novy-rok-2024\/\" title=\"LUN\u00c1RN\u00cd NOV\u00dd ROK 2024\">LUN\u00c1RN\u00cd NOV\u00dd ROK 2024<\/a>\t\t\t<\/h2>\n\t\t\t\t\t\t\t\t10. \u00fanora od 19 hodin\n\t\t<a href=\"https:\/\/vestecasino.cz\/ru\/akce\/grand-opening\/\" title=\"View Box Content\" target=\"_self\" aria-label=\"Post Element\"><\/a>\t\t\n\t\t\t\t\t\t\t\t\t\t\t\t\t\t<a href=\"https:\/\/vestecasino.cz\/ru\/akce\/grand-opening\/\" target=\"_self\" title=\"GRAND OPENING\">\n\t\t\t\t<img decoding=\"async\" src=\"https:\/\/vestecasino.cz\/assets\/uploads\/sites\/1397\/2024\/01\/vod-fotka-go-600x400.png\" alt=\"Oslava s konfetami a sv\u011bteln\u00fdmi efekty v kasinu Vestec\" \/>\n\t\t\t\t<\/a>\n\t\t\t\t\t\t<h2>\n\t\t\t\t<a href=\"https:\/\/vestecasino.cz\/ru\/akce\/grand-opening\/\" title=\"GRAND OPENING\">GRAND OPENING<\/a>\t\t\t<\/h2>\n\t\t\t\t\t\t\t\t25. ledna od 18 hodin!\n\t\t<a href=\"https:\/\/vestecasino.cz\/ru\/akce\/zkusebni-provoz-vestecasina\/\" title=\"View Box Content\" target=\"_self\" aria-label=\"Post Element\"><\/a>\t\t\n\t\t\t\t\t\t\t\t\t\t\t\t\t\t<a href=\"https:\/\/vestecasino.cz\/ru\/akce\/zkusebni-provoz-vestecasina\/\" target=\"_self\" title=\"ZKU\u0160EBN\u00cd PROVOZ\">\n\t\t\t\t<img decoding=\"async\" src=\"https:\/\/vestecasino.cz\/assets\/uploads\/sites\/1397\/2023\/10\/zkusebni-provoz-udalost-600x400.jpg\" alt=\"Skupina zam\u011bstnanc\u016f a host\u016f b\u011bhem zku\u0161ebn\u00edho provozu v kasinu Vestec\" \/>\n\t\t\t\t<\/a>\n\t\t\t\t\t\t<h2>\n\t\t\t\t<a href=\"https:\/\/vestecasino.cz\/ru\/akce\/zkusebni-provoz-vestecasina\/\" title=\"ZKU\u0160EBN\u00cd PROVOZ\">ZKU\u0160EBN\u00cd PROVOZ<\/a>\t\t\t<\/h2>\n\t\t\t\t\t\t\t\tod 11. 11. 2023\n\n","protected":false},"excerpt":{"rendered":"<p>\u041f\u0440\u043e\u0433\u0440\u0430\u043c\u043c\u0430 \u043c\u0430\u0440\u0442 \u0410\u0440\u0445\u0438\u0432 \u043f\u0440\u043e\u0433\u0440\u0430\u043c\u043c VEGAS JACKPOT U PRAHY V NED\u011aLI 28. Z\u00c1\u0158\u00cd JE NEJEN ST\u00c1TN\u00cd SV\u00c1TEK, ALE ZEJM\u00c9NA SV\u00c1TEK JACKPOT\u016e! JACKPOTY JEDOU D\u00c1L &#8211; va\u0161e obl\u00edben\u00e1 kasina ve Vegas U Prahy v\u00e1m v tento den p\u0159inesou garantovan\u00fdch 500 000 K\u010d v jackpotech. P\u0159ij\u010fte se bavit do kr\u00e1lovstv\u00ed va\u0161\u00ed z\u00e1bavy, do Vegas U Prahy! VESTECK\u00c1 555&hellip;<\/p>\n","protected":false},"author":1,"featured_media":0,"parent":0,"menu_order":0,"comment_status":"closed","ping_status":"closed","template":"","meta":{"footnotes":""},"class_list":["post-4101","page","type-page","status-publish","hentry"],"_links":{"self":[{"href":"https:\/\/vestecasino.cz\/ru\/wp-json\/wp\/v2\/pages\/4101","targetHints":{"allow":["GET"]}}],"collection":[{"href":"https:\/\/vestecasino.cz\/ru\/wp-json\/wp\/v2\/pages"}],"about":[{"href":"https:\/\/vestecasino.cz\/ru\/wp-json\/wp\/v2\/types\/page"}],"author":[{"embeddable":true,"href":"https:\/\/vestecasino.cz\/ru\/wp-json\/wp\/v2\/users\/1"}],"replies":[{"embeddable":true,"href":"https:\/\/vestecasino.cz\/ru\/wp-json\/wp\/v2\/comments?post=4101"}],"version-history":[{"count":7,"href":"https:\/\/vestecasino.cz\/ru\/wp-json\/wp\/v2\/pages\/4101\/revisions"}],"predecessor-version":[{"id":4649,"href":"https:\/\/vestecasino.cz\/ru\/wp-json\/wp\/v2\/pages\/4101\/revisions\/4649"}],"wp:attachment":[{"href":"https:\/\/vestecasino.cz\/ru\/wp-json\/wp\/v2\/media?parent=4101"}],"curies":[{"name":"wp","href":"https:\/\/api.w.org\/{rel}","templated":true}]}}